{"id":8,"date":"2026-02-17T11:38:52","date_gmt":"2026-02-17T10:38:52","guid":{"rendered":"http:\/\/dyston.pl\/?page_id=8"},"modified":"2026-02-19T13:03:20","modified_gmt":"2026-02-19T12:03:20","slug":"homepage","status":"publish","type":"page","link":"https:\/\/dyston.pl\/","title":{"rendered":"Strona g\u0142\u00f3wna"},"content":{"rendered":"\n<div class=\"wp-block-cover alignfull is-light\" style=\"min-height:100vh;aspect-ratio:unset;\"><video class=\"wp-block-cover__video-background intrinsic-ignore\" autoplay muted loop playsinline src=\"http:\/\/dyston.pl\/wp-content\/uploads\/2026\/02\/opakowania-kartonowe-2000x1200-1.mp4\" data-object-fit=\"cover\"><\/video><span aria-hidden=\"true\" class=\"wp-block-cover__background has-primary-background-color has-background-dim\"><\/span><div class=\"wp-block-cover__inner-container has-global-padding is-layout-constrained wp-block-cover-is-layout-constrained\">\n<p class=\"has-text-align-center has-white-color has-text-color has-max-60-font-size\" style=\"font-style:normal;font-weight:900;line-height:1.2\"><strong>Opakowania z Bielska<\/strong>-Bia\u0142ej<\/p>\n\n\n\n<p class=\"has-text-align-center has-white-color has-text-color has-medium-font-size\">Szybkie dostawy, nowoczesne magazyny i pe\u0142ne zaplecze opakowa\u0144 &#8211; blisko Twojego biznesu.<\/p>\n\n\n\n<div style=\"height:55px\" aria-hidden=\"true\" class=\"wp-block-spacer\"><\/div>\n\n\n\n<div class=\"wp-block-buttons is-content-justification-center is-layout-flex wp-container-core-buttons-is-layout-a89b3969 wp-block-buttons-is-layout-flex\">\n<div class=\"wp-block-button is-style-outline is-style-outline--1\"><a class=\"wp-block-button__link has-white-color has-text-color wp-element-button\" href=\"http:\/\/dyston.pl\/?page_id=10\" style=\"border-radius:0px\">KONTAKT<\/a><\/div>\n<\/div>\n<\/div><\/div>\n\n\n\n<div class=\"wp-block-group has-global-padding is-layout-constrained wp-block-group-is-layout-constrained\">\n<div style=\"height:57px\" aria-hidden=\"true\" class=\"wp-block-spacer\"><\/div>\n\n\n\n<h2 class=\"wp-block-heading has-text-align-center has-medium-font-size\" style=\"letter-spacing:1px\">Kim jeste\u015bmy?<\/h2>\n\n\n\n<p class=\"has-text-align-center\">Pomagamy firmom w doborze opakowa\u0144, logistyce i terminowych dostawach, zapewniaj\u0105c ci\u0105g\u0142o\u015b\u0107 pracy i bezpiecze\u0144stwo towaru. Dzia\u0142amy lokalnie z Bielska-Bia\u0142ej, obs\u0142uguj\u0105c firmy w ca\u0142ej Polsce.<\/p>\n\n\n\n<div class=\"wp-block-buttons is-horizontal is-content-justification-center is-layout-flex wp-container-core-buttons-is-layout-03627597 wp-block-buttons-is-layout-flex\">\n<div class=\"wp-block-button is-style-outline is-style-outline--2\"><a class=\"wp-block-button__link has-small-font-size has-custom-font-size wp-element-button\" href=\"http:\/\/dyston.pl\/?page_id=9\" style=\"border-radius:0px\">O NAS<\/a><\/div>\n<\/div>\n\n\n\n<div style=\"height:57px\" aria-hidden=\"true\" class=\"wp-block-spacer\"><\/div>\n<\/div>\n\n\n\n<div id=\"services\" class=\"wp-block-group alignfull pattern_multiple_covers has-background has-global-padding is-layout-constrained wp-block-group-is-layout-constrained\">\n<p class=\"has-text-align-left has-secondary-color has-text-color\" style=\"letter-spacing:1px\">Zaufaj do\u015bwiadczeniu i usprawnij swoj\u0105 logistyk\u0119!<\/p>\n\n\n\n<h2 class=\"wp-block-heading has-text-align-left\">Wszystko do pakowania w jednym miejscu<\/h2>\n\n\n\n<p class=\"has-text-align-left\">Od karton\u00f3w po ta\u015bmy, palety i pojemniki plastikowe &#8211; mamy wszystko, co potrzebne, by Twoje przesy\u0142ki dociera\u0142y bezpiecznie. Szeroki asortyment i szybki dost\u0119p do magazyn\u00f3w gwarantuj\u0105 ci\u0105g\u0142o\u015b\u0107 dostaw i sprawn\u0105 obs\u0142ug\u0119.<\/p>\n\n\n\n<div style=\"height:46px\" aria-hidden=\"true\" class=\"wp-block-spacer\"><\/div>\n\n\n\n<div class=\"wp-block-columns is-layout-flex wp-container-core-columns-is-layout-28f84493 wp-block-columns-is-layout-flex\">\n<div class=\"wp-block-column is-layout-flow wp-block-column-is-layout-flow\" style=\"padding-top:0;padding-right:0;padding-bottom:0;padding-left:0\">\n<div class=\"wp-block-cover has-custom-content-position is-position-bottom-left\" style=\"padding-top:var(--wp--preset--spacing--small);padding-right:var(--wp--preset--spacing--x-small);padding-bottom:var(--wp--preset--spacing--small);padding-left:var(--wp--preset--spacing--x-small)\"><img loading=\"lazy\" decoding=\"async\" width=\"1024\" height=\"683\" class=\"wp-block-cover__image-background wp-image-43 size-large\" alt=\"\" src=\"http:\/\/dyston.pl\/wp-content\/uploads\/2026\/02\/Cardboard_Boxes_With_Belongings_original_471804-1024x683.jpg\" data-object-fit=\"cover\" srcset=\"https:\/\/dyston.pl\/wp-content\/uploads\/2026\/02\/Cardboard_Boxes_With_Belongings_original_471804-1024x683.jpg 1024w, https:\/\/dyston.pl\/wp-content\/uploads\/2026\/02\/Cardboard_Boxes_With_Belongings_original_471804-300x200.jpg 300w\" sizes=\"auto, (max-width: 1024px) 100vw, 1024px\" \/><span aria-hidden=\"true\" class=\"wp-block-cover__background has-primary-background-color has-background-dim-70 has-background-dim\"><\/span><div class=\"wp-block-cover__inner-container is-layout-flow wp-block-cover-is-layout-flow\">\n<h3 class=\"wp-block-heading has-white-color has-text-color has-medium-font-size\" style=\"margin-top:0;margin-right:0;margin-bottom:0;margin-left:0\">Opakowania kartonowe Bielsko-Bia\u0142a<\/h3>\n\n\n\n<p class=\"has-secondary-color has-text-color has-link-color wp-elements-3a54d609e61c20c369670f765b677520\" style=\"margin-top:0;margin-right:0;margin-bottom:0;margin-left:0\"><a href=\"http:\/\/dyston.pl\/?page_id=105\">Zobacz wi\u0119cej \u2192<\/a><\/p>\n<\/div><\/div>\n<\/div>\n\n\n\n<div class=\"wp-block-column is-layout-flow wp-block-column-is-layout-flow\" style=\"padding-top:0;padding-right:0;padding-bottom:0;padding-left:0\">\n<div class=\"wp-block-cover has-custom-content-position is-position-bottom-left\" style=\"padding-top:var(--wp--preset--spacing--small);padding-right:var(--wp--preset--spacing--x-small);padding-bottom:var(--wp--preset--spacing--small);padding-left:var(--wp--preset--spacing--x-small)\"><img loading=\"lazy\" decoding=\"async\" width=\"1024\" height=\"576\" class=\"wp-block-cover__image-background wp-image-44 size-large\" alt=\"\" src=\"http:\/\/dyston.pl\/wp-content\/uploads\/2026\/02\/Large_And_Light_Warehouse__Cargo_Storage_In_Wooden_Boxes._Wooden_Pallets_And_Car_original_2319233-1024x576.jpg\" data-object-fit=\"cover\" srcset=\"https:\/\/dyston.pl\/wp-content\/uploads\/2026\/02\/Large_And_Light_Warehouse__Cargo_Storage_In_Wooden_Boxes._Wooden_Pallets_And_Car_original_2319233-1024x576.jpg 1024w, https:\/\/dyston.pl\/wp-content\/uploads\/2026\/02\/Large_And_Light_Warehouse__Cargo_Storage_In_Wooden_Boxes._Wooden_Pallets_And_Car_original_2319233-300x169.jpg 300w, https:\/\/dyston.pl\/wp-content\/uploads\/2026\/02\/Large_And_Light_Warehouse__Cargo_Storage_In_Wooden_Boxes._Wooden_Pallets_And_Car_original_2319233-2000x1125.jpg 2000w\" sizes=\"auto, (max-width: 1024px) 100vw, 1024px\" \/><span aria-hidden=\"true\" class=\"wp-block-cover__background has-primary-background-color has-background-dim-70 has-background-dim\"><\/span><div class=\"wp-block-cover__inner-container is-layout-flow wp-block-cover-is-layout-flow\">\n<h3 class=\"wp-block-heading has-white-color has-text-color has-medium-font-size\" style=\"margin-top:0;margin-right:0;margin-bottom:0;margin-left:0\">Palety Bielsko-Bia\u0142a<\/h3>\n\n\n\n<p class=\"has-secondary-color has-text-color has-link-color wp-elements-210a3b3a7a4875781d8d8f7525901ff8\" style=\"margin-top:0;margin-right:0;margin-bottom:0;margin-left:0\"><a href=\"#\"><\/a><a href=\"http:\/\/dyston.pl\/?page_id=105\" data-type=\"link\" data-id=\"http:\/\/dyston.pl\/?page_id=105\">Zobacz wi\u0119cej \u2192<\/a><\/p>\n<\/div><\/div>\n<\/div>\n\n\n\n<div class=\"wp-block-column is-layout-flow wp-block-column-is-layout-flow\" style=\"padding-top:0;padding-right:0;padding-bottom:0;padding-left:0\">\n<div class=\"wp-block-cover has-custom-content-position is-position-bottom-left\" style=\"padding-top:var(--wp--preset--spacing--small);padding-right:var(--wp--preset--spacing--x-small);padding-bottom:var(--wp--preset--spacing--small);padding-left:var(--wp--preset--spacing--x-small)\"><img loading=\"lazy\" decoding=\"async\" width=\"1024\" height=\"683\" class=\"wp-block-cover__image-background wp-image-47 size-large\" alt=\"\" src=\"http:\/\/dyston.pl\/wp-content\/uploads\/2026\/02\/Woman_Packing_Box_original_518074-1024x683.jpg\" data-object-fit=\"cover\" srcset=\"https:\/\/dyston.pl\/wp-content\/uploads\/2026\/02\/Woman_Packing_Box_original_518074-1024x683.jpg 1024w, https:\/\/dyston.pl\/wp-content\/uploads\/2026\/02\/Woman_Packing_Box_original_518074-300x200.jpg 300w, https:\/\/dyston.pl\/wp-content\/uploads\/2026\/02\/Woman_Packing_Box_original_518074-2000x1335.jpg 2000w\" sizes=\"auto, (max-width: 1024px) 100vw, 1024px\" \/><span aria-hidden=\"true\" class=\"wp-block-cover__background has-primary-background-color has-background-dim-70 has-background-dim\"><\/span><div class=\"wp-block-cover__inner-container is-layout-flow wp-block-cover-is-layout-flow\">\n<h3 class=\"wp-block-heading has-white-color has-text-color has-medium-font-size\" style=\"margin-top:0;margin-right:0;margin-bottom:0;margin-left:0\">Ta\u015bmy<\/h3>\n\n\n\n<p class=\"has-secondary-color has-text-color has-link-color wp-elements-210a3b3a7a4875781d8d8f7525901ff8\" style=\"margin-top:0;margin-right:0;margin-bottom:0;margin-left:0\"><a href=\"#\"><\/a><a href=\"http:\/\/dyston.pl\/?page_id=105\" data-type=\"link\" data-id=\"http:\/\/dyston.pl\/?page_id=105\">Zobacz wi\u0119cej \u2192<\/a><\/p>\n<\/div><\/div>\n<\/div>\n<\/div>\n<\/div>\n\n\n\n<div class=\"wp-block-group alignfull has-global-padding is-layout-constrained wp-block-group-is-layout-constrained\">\n<div class=\"wp-block-group has-global-padding is-layout-constrained wp-block-group-is-layout-constrained\" style=\"padding-top:var(--wp--preset--spacing--small);padding-bottom:var(--wp--preset--spacing--small)\">\n<div class=\"wp-block-columns is-layout-flex wp-container-core-columns-is-layout-c375d253 wp-block-columns-is-layout-flex\">\n<div class=\"wp-block-column is-vertically-aligned-center is-layout-flow wp-block-column-is-layout-flow\">\n<h2 class=\"wp-block-heading has-medium-font-size\" style=\"text-transform:uppercase\">O nas<\/h2>\n\n\n\n<p>DYSTON to do\u015bwiadczony dostawca opakowa\u0144 i rozwi\u0105za\u0144 logistycznych z siedzib\u0105 w Bielsku-Bia\u0142ej, obs\u0142uguj\u0105cy firmy na terenie \u015al\u0105ska i ca\u0142ej Polski. Oferujemy kompleksowe materia\u0142y opakowaniowe, szybkie dostawy oraz niezawodne wsparcie logistyczne dzi\u0119ki nowoczesnym magazynom i w\u0142asnej flocie.<\/p>\n\n\n\n<div class=\"wp-block-buttons is-horizontal is-content-justification-left is-layout-flex wp-container-core-buttons-is-layout-20be11b6 wp-block-buttons-is-layout-flex\">\n<div class=\"wp-block-button is-style-outline is-style-outline--3\"><a class=\"wp-block-button__link wp-element-button\" href=\"http:\/\/dyston.pl\/?page_id=9\" style=\"border-radius:0px\">POZNAJ NAS<\/a><\/div>\n<\/div>\n\n\n\n<p><\/p>\n<\/div>\n\n\n\n<div class=\"wp-block-column is-layout-flow wp-block-column-is-layout-flow\">\n<figure class=\"wp-block-image size-large\"><img loading=\"lazy\" decoding=\"async\" width=\"1024\" height=\"683\" src=\"http:\/\/dyston.pl\/wp-content\/uploads\/2026\/02\/Young_Couple_Unpacking_Moving_Boxes_In_New_Flat_original_2779206-1-1024x683.jpg\" alt=\"\" class=\"wp-image-46\" srcset=\"https:\/\/dyston.pl\/wp-content\/uploads\/2026\/02\/Young_Couple_Unpacking_Moving_Boxes_In_New_Flat_original_2779206-1-1024x683.jpg 1024w, https:\/\/dyston.pl\/wp-content\/uploads\/2026\/02\/Young_Couple_Unpacking_Moving_Boxes_In_New_Flat_original_2779206-1-300x200.jpg 300w, https:\/\/dyston.pl\/wp-content\/uploads\/2026\/02\/Young_Couple_Unpacking_Moving_Boxes_In_New_Flat_original_2779206-1-2000x1335.jpg 2000w\" sizes=\"auto, (max-width: 1024px) 100vw, 1024px\" \/><figcaption class=\"wp-element-caption\">Ta\u015bmy do pakowania Bielsko-Bia\u0142a<\/figcaption><\/figure>\n<\/div>\n<\/div>\n\n\n\n<div style=\"height:30px\" aria-hidden=\"true\" class=\"wp-block-spacer\"><\/div>\n<\/div>\n<\/div>\n\n\n\n<div class=\"wp-block-group alignfull has-background has-global-padding is-layout-constrained wp-block-group-is-layout-constrained\">\n<div class=\"wp-block-group has-global-padding is-layout-constrained wp-block-group-is-layout-constrained\" style=\"padding-top:var(--wp--preset--spacing--small);padding-bottom:var(--wp--preset--spacing--small)\">\n<div class=\"wp-block-columns are-vertically-aligned-center is-layout-flex wp-container-core-columns-is-layout-c375d253 wp-block-columns-is-layout-flex\">\n<div class=\"wp-block-column is-vertically-aligned-center is-layout-flow wp-block-column-is-layout-flow\">\n<figure class=\"wp-block-image size-large\"><img loading=\"lazy\" decoding=\"async\" width=\"1024\" height=\"683\" src=\"http:\/\/dyston.pl\/wp-content\/uploads\/2026\/02\/Middle_Aged_Man_Carrying_Plastic_Storage_Container_Indoors_original_4117600-1024x683.jpg\" alt=\"\" class=\"wp-image-48\" srcset=\"https:\/\/dyston.pl\/wp-content\/uploads\/2026\/02\/Middle_Aged_Man_Carrying_Plastic_Storage_Container_Indoors_original_4117600-1024x683.jpg 1024w, https:\/\/dyston.pl\/wp-content\/uploads\/2026\/02\/Middle_Aged_Man_Carrying_Plastic_Storage_Container_Indoors_original_4117600-300x200.jpg 300w, https:\/\/dyston.pl\/wp-content\/uploads\/2026\/02\/Middle_Aged_Man_Carrying_Plastic_Storage_Container_Indoors_original_4117600-2000x1333.jpg 2000w\" sizes=\"auto, (max-width: 1024px) 100vw, 1024px\" \/><\/figure>\n<\/div>\n\n\n\n<div class=\"wp-block-column is-vertically-aligned-center is-layout-flow wp-block-column-is-layout-flow\">\n<h2 class=\"wp-block-heading has-medium-font-size\" style=\"text-transform:uppercase\">Opakowania plastikowe do transportu<\/h2>\n\n\n\n<p>Opakowania plastikowe do transportu to trwa\u0142e i wielokrotnego u\u017cytku rozwi\u0105zania, kt\u00f3re zapewniaj\u0105 bezpieczne przechowywanie i przew\u00f3z towar\u00f3w na ka\u017cdym etapie \u0142a\u0144cucha logistycznego. Dzi\u0119ki odporno\u015bci na uszkodzenia i \u0142atwo\u015bci w utrzymaniu czysto\u015bci idealnie sprawdzaj\u0105 si\u0119 w magazynach, produkcji oraz dystrybucji.<\/p>\n\n\n\n<div class=\"wp-block-buttons is-layout-flex wp-block-buttons-is-layout-flex\">\n<div class=\"wp-block-button is-style-outline is-style-outline--4\"><a class=\"wp-block-button__link wp-element-button\" href=\"http:\/\/dyston.pl\/?page_id=105\" style=\"border-radius:0px\">OFERTA<\/a><\/div>\n<\/div>\n<\/div>\n<\/div>\n<\/div>\n<\/div>\n\n\n\n<div class=\"wp-block-cover alignfull has-parallax is-position-center-center\" style=\"border-radius:0px\"><div class=\"wp-block-cover__image-background wp-image-51 size-large has-parallax\" style=\"background-position:50% 50%;background-image:url(http:\/\/dyston.pl\/wp-content\/uploads\/2026\/02\/Carrying_Cardboard_Box_At_Packaging._original_565906-1024x683.jpg)\"><\/div><span aria-hidden=\"true\" class=\"wp-block-cover__background has-black-background-color has-background-dim-40 has-background-dim\"><\/span><div class=\"wp-block-cover__inner-container is-layout-flow wp-block-cover-is-layout-flow\">\n<div class=\"wp-block-group has-global-padding is-layout-constrained wp-block-group-is-layout-constrained\">\n<h3 class=\"wp-block-heading has-text-align-center has-text-color has-medium-font-size\" style=\"color:#fffffa;text-transform:uppercase\">Skontaktuj si\u0119 z nami dzi\u015b<\/h3>\n\n\n\n<p class=\"has-text-align-center has-white-color has-text-color\">Ch\u0119tnie doradzimy i przygotujemy rozwi\u0105zania dopasowane do potrzeb Twojej firmy. Skontaktuj si\u0119 z nami, aby szybko i sprawnie zrealizowa\u0107 zam\u00f3wienie.<\/p>\n\n\n\n<div style=\"height:31px\" aria-hidden=\"true\" class=\"wp-block-spacer\"><\/div>\n\n\n\n<div class=\"wp-block-buttons is-horizontal is-content-justification-center is-layout-flex wp-container-core-buttons-is-layout-03627597 wp-block-buttons-is-layout-flex\">\n<div class=\"wp-block-button is-style-outline is-style-outline--5\"><a class=\"wp-block-button__link has-white-color has-text-color wp-element-button\" href=\"http:\/\/dyston.pl\/?page_id=10\" style=\"border-radius:0px\">KONTAKT<\/a><\/div>\n<\/div>\n<\/div>\n<\/div><\/div>\n\n\n\n<div id=\"news\" class=\"wp-block-group has-global-padding is-layout-constrained wp-block-group-is-layout-constrained\">\n<p class=\"has-text-align-left has-secondary-color has-text-color\">Z BLOGA<\/p>\n\n\n\n<h2 class=\"wp-block-heading has-text-align-left\">Zobacz ostatnie wpisy<\/h2>\n\n\n\n<div style=\"height:33px\" aria-hidden=\"true\" class=\"wp-block-spacer\"><\/div>\n\n\n\n<div class=\"wp-block-query is-layout-flow wp-block-query-is-layout-flow\"><ul class=\"columns-3 wp-block-post-template is-layout-grid wp-container-core-post-template-is-layout-6aac66c0 wp-block-post-template-is-layout-grid\"><li class=\"wp-block-post post-146 post type-post status-publish format-standard has-post-thumbnail hentry category-bez-kategorii\">\n<figure style=\"width:100%;height:240px; margin-bottom:var(--wp--preset--spacing--x-small);\" class=\"wp-block-post-featured-image\"><a href=\"https:\/\/dyston.pl\/?p=146\" target=\"_self\"  style=\"height:240px\"><img loading=\"lazy\" decoding=\"async\" width=\"8256\" height=\"5504\" src=\"https:\/\/dyston.pl\/wp-content\/uploads\/2026\/02\/Carrying_Cardboard_Box_At_Packaging._original_565906-1.jpg\" class=\"attachment-post-thumbnail size-post-thumbnail wp-post-image\" alt=\"Opakowania w Bielsku-Bia\u0142ej &#8211; dlaczego dobrze dobrane rozwi\u0105zania maj\u0105 realny wp\u0142yw na biznes?\" style=\"border-radius:5px;height:240px;object-fit:cover;\" srcset=\"https:\/\/dyston.pl\/wp-content\/uploads\/2026\/02\/Carrying_Cardboard_Box_At_Packaging._original_565906-1.jpg 8256w, https:\/\/dyston.pl\/wp-content\/uploads\/2026\/02\/Carrying_Cardboard_Box_At_Packaging._original_565906-1-300x200.jpg 300w, https:\/\/dyston.pl\/wp-content\/uploads\/2026\/02\/Carrying_Cardboard_Box_At_Packaging._original_565906-1-1024x683.jpg 1024w, https:\/\/dyston.pl\/wp-content\/uploads\/2026\/02\/Carrying_Cardboard_Box_At_Packaging._original_565906-1-2000x1333.jpg 2000w\" sizes=\"auto, 100vw\" \/><\/a><\/figure>\n\n<div style=\"margin-top:0;margin-bottom:0;\" class=\"has-link-color wp-elements-81b22c36d1d8b884fcf13a99846b36c3 wp-block-post-date has-text-color has-tertiary-color\"><time datetime=\"2026-02-19T13:04:00+01:00\">2026-02-19<\/time><\/div>\n\n<h3 style=\"margin-top:0;margin-bottom:var(--wp--preset--spacing--x-small);\" class=\"has-link-color wp-elements-2e75b4e4fab489cf445e03eda13279d1 wp-block-post-title\"><a href=\"https:\/\/dyston.pl\/?p=146\" target=\"_self\" >Opakowania w Bielsku-Bia\u0142ej &#8211; dlaczego dobrze dobrane rozwi\u0105zania maj\u0105 realny wp\u0142yw na biznes?<\/a><\/h3>\n\n<div class=\"has-link-color wp-elements-61eeeb1d6c31f3761cb8bc35b6e1a095 wp-block-post-excerpt has-text-color has-tertiary-color\"><p class=\"wp-block-post-excerpt__excerpt\">Bielsko-Bia\u0142a to miasto dynamicznie rozwijaj\u0105cych si\u0119 firm produkcyjnych, handlowych i logistycznych. Codzienna praca przedsi\u0119biorstw opiera si\u0119 tu nie tylko na jako\u015bci produktu, ale r\u00f3wnie\u017c na sprawnej organizacji pakowania, magazynowania i transportu. W\u0142a\u015bnie dlatego odpowiednio dobrane opakowania i materia\u0142y&hellip; <\/p><\/div>\n\n<a style=\"text-transform:uppercase; border-width:2px; padding-right:var(--wp--preset--spacing--x-small);padding-left:var(--wp--preset--spacing--x-small);padding-top:10px;padding-bottom:10px;\" class=\"wp-block-read-more has-text-color has-foreground-color\" href=\"https:\/\/dyston.pl\/?p=146\" target=\"_self\">Read more<span class=\"screen-reader-text\">: Opakowania w Bielsku-Bia\u0142ej &#8211; dlaczego dobrze dobrane rozwi\u0105zania maj\u0105 realny wp\u0142yw na biznes?<\/span><\/a>\n<\/li><li class=\"wp-block-post post-1 post type-post status-publish format-standard has-post-thumbnail hentry category-bez-kategorii\">\n<figure style=\"width:100%;height:240px; margin-bottom:var(--wp--preset--spacing--x-small);\" class=\"wp-block-post-featured-image\"><a href=\"https:\/\/dyston.pl\/?p=1\" target=\"_self\"  style=\"height:240px\"><img loading=\"lazy\" decoding=\"async\" width=\"2560\" height=\"1707\" src=\"https:\/\/dyston.pl\/wp-content\/uploads\/2026\/02\/Middle_Aged_Man_Moving_Cart_With_Boxes_Past_Green_Storage_Units_original_4117733-scaled.jpg\" class=\"attachment-post-thumbnail size-post-thumbnail wp-post-image\" alt=\"Opakowania i logistyka w Bielsko-Bia\u0142ej &#8211; jak usprawni\u0107 codzienn\u0105 prac\u0119 firmy\" style=\"border-radius:5px;height:240px;object-fit:cover;\" srcset=\"https:\/\/dyston.pl\/wp-content\/uploads\/2026\/02\/Middle_Aged_Man_Moving_Cart_With_Boxes_Past_Green_Storage_Units_original_4117733-scaled.jpg 2560w, https:\/\/dyston.pl\/wp-content\/uploads\/2026\/02\/Middle_Aged_Man_Moving_Cart_With_Boxes_Past_Green_Storage_Units_original_4117733-300x200.jpg 300w, https:\/\/dyston.pl\/wp-content\/uploads\/2026\/02\/Middle_Aged_Man_Moving_Cart_With_Boxes_Past_Green_Storage_Units_original_4117733-1024x683.jpg 1024w, https:\/\/dyston.pl\/wp-content\/uploads\/2026\/02\/Middle_Aged_Man_Moving_Cart_With_Boxes_Past_Green_Storage_Units_original_4117733-2000x1333.jpg 2000w\" sizes=\"auto, 100vw\" \/><\/a><\/figure>\n\n<div style=\"margin-top:0;margin-bottom:0;\" class=\"has-link-color wp-elements-81b22c36d1d8b884fcf13a99846b36c3 wp-block-post-date has-text-color has-tertiary-color\"><time datetime=\"2026-02-16T20:19:31+01:00\">2026-02-16<\/time><\/div>\n\n<h3 style=\"margin-top:0;margin-bottom:var(--wp--preset--spacing--x-small);\" class=\"has-link-color wp-elements-2e75b4e4fab489cf445e03eda13279d1 wp-block-post-title\"><a href=\"https:\/\/dyston.pl\/?p=1\" target=\"_self\" >Opakowania i logistyka w Bielsko-Bia\u0142ej &#8211; jak usprawni\u0107 codzienn\u0105 prac\u0119 firmy<\/a><\/h3>\n\n<div class=\"has-link-color wp-elements-61eeeb1d6c31f3761cb8bc35b6e1a095 wp-block-post-excerpt has-text-color has-tertiary-color\"><p class=\"wp-block-post-excerpt__excerpt\">W dzisiejszych czasach odpowiednie opakowania i sprawna logistyka s\u0105 kluczem do sukcesu ka\u017cdego biznesu. Firmy z Bielska-Bia\u0142ej i okolic coraz cz\u0119\u015bciej poszukuj\u0105 partner\u00f3w, kt\u00f3rzy nie tylko dostarcz\u0105 kartony, ta\u015bmy, palety czy pojemniki plastikowe, ale tak\u017ce zapewni\u0105 kompleksowe wsparcie&hellip; <\/p><\/div>\n\n<a style=\"text-transform:uppercase; border-width:2px; padding-right:var(--wp--preset--spacing--x-small);padding-left:var(--wp--preset--spacing--x-small);padding-top:10px;padding-bottom:10px;\" class=\"wp-block-read-more has-text-color has-foreground-color\" href=\"https:\/\/dyston.pl\/?p=1\" target=\"_self\">Read more<span class=\"screen-reader-text\">: Opakowania i logistyka w Bielsko-Bia\u0142ej &#8211; jak usprawni\u0107 codzienn\u0105 prac\u0119 firmy<\/span><\/a>\n<\/li><\/ul>\n\n<\/div>\n\n\n\n<div style=\"height:85px\" aria-hidden=\"true\" class=\"wp-block-spacer\"><\/div>\n<\/div>\n\n\n\n<p><\/p>\n","protected":false},"excerpt":{"rendered":"<p>Kim jeste\u015bmy? Pomagamy firmom w doborze opakowa\u0144, logistyce i terminowych dostawach, zapewniaj\u0105c ci\u0105g\u0142o\u015b\u0107 pracy i bezpiecze\u0144stwo towaru. Dzia\u0142amy lokalnie z Bielska-Bia\u0142ej, obs\u0142uguj\u0105c firmy w ca\u0142ej Polsce. Zaufaj do\u015bwiadczeniu i usprawnij swoj\u0105 logistyk\u0119! Wszystko do pakowania w jednym miejscu Od karton\u00f3w po ta\u015bmy, palety i pojemniki plastikowe &#8211; mamy wszystko, co potrzebne, by Twoje przesy\u0142ki dociera\u0142y &hellip; <\/p>\n<p class=\"link-more\"><a href=\"https:\/\/dyston.pl\/\" class=\"more-link\">Read more<span class=\"screen-reader-text\"> &#8220;Strona g\u0142\u00f3wna&#8221;<\/span><\/a><\/p>\n","protected":false},"author":1,"featured_media":0,"parent":0,"menu_order":0,"comment_status":"closed","ping_status":"closed","template":"page-templates\/homepage-builder-bb.php","meta":{"_inspiro_hide_title":false,"footnotes":""},"class_list":["post-8","page","type-page","status-publish","hentry"],"_links":{"self":[{"href":"https:\/\/dyston.pl\/index.php?rest_route=\/wp\/v2\/pages\/8","targetHints":{"allow":["GET"]}}],"collection":[{"href":"https:\/\/dyston.pl\/index.php?rest_route=\/wp\/v2\/pages"}],"about":[{"href":"https:\/\/dyston.pl\/index.php?rest_route=\/wp\/v2\/types\/page"}],"author":[{"embeddable":true,"href":"https:\/\/dyston.pl\/index.php?rest_route=\/wp\/v2\/users\/1"}],"replies":[{"embeddable":true,"href":"https:\/\/dyston.pl\/index.php?rest_route=%2Fwp%2Fv2%2Fcomments&post=8"}],"version-history":[{"count":26,"href":"https:\/\/dyston.pl\/index.php?rest_route=\/wp\/v2\/pages\/8\/revisions"}],"predecessor-version":[{"id":149,"href":"https:\/\/dyston.pl\/index.php?rest_route=\/wp\/v2\/pages\/8\/revisions\/149"}],"wp:attachment":[{"href":"https:\/\/dyston.pl\/index.php?rest_route=%2Fwp%2Fv2%2Fmedia&parent=8"}],"curies":[{"name":"wp","href":"https:\/\/api.w.org\/{rel}","templated":true}]}}