{"id":105,"date":"2026-02-19T08:48:48","date_gmt":"2026-02-19T07:48:48","guid":{"rendered":"http:\/\/dyston.pl\/?page_id=105"},"modified":"2026-02-19T13:40:59","modified_gmt":"2026-02-19T12:40:59","slug":"oferta","status":"publish","type":"page","link":"https:\/\/dyston.pl\/?page_id=105","title":{"rendered":"Oferta"},"content":{"rendered":"\n<div class=\"wp-block-media-text is-stacked-on-mobile\"><figure class=\"wp-block-media-text__media\"><img loading=\"lazy\" decoding=\"async\" width=\"1024\" height=\"683\" src=\"http:\/\/dyston.pl\/wp-content\/uploads\/2026\/02\/Cardboard_Boxes_With_Belongings_original_471804-1024x683.jpg\" alt=\"\" class=\"wp-image-43 size-full\" srcset=\"https:\/\/dyston.pl\/wp-content\/uploads\/2026\/02\/Cardboard_Boxes_With_Belongings_original_471804-1024x683.jpg 1024w, https:\/\/dyston.pl\/wp-content\/uploads\/2026\/02\/Cardboard_Boxes_With_Belongings_original_471804-300x200.jpg 300w\" sizes=\"auto, (max-width: 1024px) 100vw, 1024px\" \/><\/figure><div class=\"wp-block-media-text__content\">\n<p><strong>Opakowania kartonowe<\/strong><\/p>\n\n\n\n<ul class=\"wp-block-list\">\n<li>opakowania zbiorcze oraz jednostkowe wykonane z tektury 3-, 5- oraz 7-warstwowej,<\/li>\n\n\n\n<li>kartony klapowe,<\/li>\n\n\n\n<li>opakowania fasonowe (wykrawane z wykrojnika),<\/li>\n\n\n\n<li>przek\u0142adki, obwoluty oraz wiele innych rozwi\u0105za\u0144 dopasowanych do potrzeb Klienta.<\/li>\n<\/ul>\n\n\n\n<p><strong>Oferujemy r\u00f3wnie\u017c:<\/strong><\/p>\n\n\n\n<ul class=\"wp-block-list\">\n<li>mo\u017cliwo\u015b\u0107 indywidualnego opracowania wzor\u00f3w i projekt\u00f3w opakowa\u0144, w pe\u0142ni zgodnych z oczekiwaniami Klienta,<\/li>\n\n\n\n<li>nadruk od 1 do 8 kolor\u00f3w metod\u0105 fleksograficzn\u0105 lub uszlachetnianie opakowa\u0144 poprzez kaszerowanie<br>(kaszerowanie \u2013 proces polegaj\u0105cy na oklejaniu kartonu lub tektury falistej cienkim papierem zadrukowanym lub niezadrukowanym, w celu uzyskania lepszego efektu wizualnego lub w\u0142a\u015bciwo\u015bci technologicznych).<\/li>\n<\/ul>\n<\/div><\/div>\n\n\n\n<div style=\"height:100px\" aria-hidden=\"true\" class=\"wp-block-spacer\"><\/div>\n\n\n\n<div class=\"wp-block-media-text is-stacked-on-mobile\"><figure class=\"wp-block-media-text__media\"><img loading=\"lazy\" decoding=\"async\" width=\"1024\" height=\"683\" src=\"http:\/\/dyston.pl\/wp-content\/uploads\/2026\/02\/Close-Up_Of_Man_Sealing_Box_With_Tape_During_Moving_original_3707105-1024x683.jpg\" alt=\"\" class=\"wp-image-107 size-full\" srcset=\"https:\/\/dyston.pl\/wp-content\/uploads\/2026\/02\/Close-Up_Of_Man_Sealing_Box_With_Tape_During_Moving_original_3707105-1024x683.jpg 1024w, https:\/\/dyston.pl\/wp-content\/uploads\/2026\/02\/Close-Up_Of_Man_Sealing_Box_With_Tape_During_Moving_original_3707105-300x200.jpg 300w, https:\/\/dyston.pl\/wp-content\/uploads\/2026\/02\/Close-Up_Of_Man_Sealing_Box_With_Tape_During_Moving_original_3707105-2000x1335.jpg 2000w\" sizes=\"auto, (max-width: 1024px) 100vw, 1024px\" \/><\/figure><div class=\"wp-block-media-text__content\">\n<p><strong>Ta\u015bmy<\/strong><\/p>\n\n\n\n<p>ta\u015bmy klej\u0105ce oraz folie,<\/p>\n\n\n\n<p>ta\u015bmy akrylowe,<\/p>\n\n\n\n<p>ta\u015bmy z kauczukiem sztucznym,<\/p>\n\n\n\n<p>ta\u015bmy z kauczukiem naturalnym,<\/p>\n\n\n\n<p>folie stretch, PPLD oraz PELD,<\/p>\n\n\n\n<p>piank\u0119 polietylenow\u0105,<\/p>\n\n\n\n<p>foli\u0119 p\u0119cherzykow\u0105,<\/p>\n\n\n\n<p>ta\u015bmy spinaj\u0105ce PP,<\/p>\n\n\n\n<p>zapinki druciane oraz zapinki PP,<\/p>\n\n\n\n<p>naro\u017cniki ochronne \u2013 kwadratowe i okr\u0105g\u0142e.<\/p>\n<\/div><\/div>\n\n\n\n<div style=\"height:100px\" aria-hidden=\"true\" class=\"wp-block-spacer\"><\/div>\n\n\n\n<div class=\"wp-block-media-text is-stacked-on-mobile\"><figure class=\"wp-block-media-text__media\"><img loading=\"lazy\" decoding=\"async\" width=\"1024\" height=\"683\" src=\"http:\/\/dyston.pl\/wp-content\/uploads\/2026\/02\/Middle_Aged_Man_Carrying_Plastic_Storage_Container_Indoors_original_4117600-1-1024x683.jpg\" alt=\"\" class=\"wp-image-108 size-full\" srcset=\"https:\/\/dyston.pl\/wp-content\/uploads\/2026\/02\/Middle_Aged_Man_Carrying_Plastic_Storage_Container_Indoors_original_4117600-1-1024x683.jpg 1024w, https:\/\/dyston.pl\/wp-content\/uploads\/2026\/02\/Middle_Aged_Man_Carrying_Plastic_Storage_Container_Indoors_original_4117600-1-300x200.jpg 300w, https:\/\/dyston.pl\/wp-content\/uploads\/2026\/02\/Middle_Aged_Man_Carrying_Plastic_Storage_Container_Indoors_original_4117600-1-2000x1333.jpg 2000w\" sizes=\"auto, (max-width: 1024px) 100vw, 1024px\" \/><\/figure><div class=\"wp-block-media-text__content\">\n<p><strong>Opakowania plastikowe<\/strong><\/p>\n\n\n\n<p>pojemniki i skrzynki z tworzyw sztucznych,<\/p>\n\n\n\n<p>opakowania ochronne i transportowe,<\/p>\n\n\n\n<p>rozwi\u0105zania do pakowania i magazynowania towar\u00f3w,<\/p>\n\n\n\n<p>mo\u017cliwo\u015b\u0107 doboru opakowa\u0144 plastikowych dopasowanych do indywidualnych potrzeb Klienta.<\/p>\n<\/div><\/div>\n\n\n\n<div style=\"height:100px\" aria-hidden=\"true\" class=\"wp-block-spacer\"><\/div>\n\n\n\n<div class=\"wp-block-media-text is-stacked-on-mobile\"><figure class=\"wp-block-media-text__media\"><img loading=\"lazy\" decoding=\"async\" width=\"1024\" height=\"576\" src=\"http:\/\/dyston.pl\/wp-content\/uploads\/2026\/02\/Large_And_Light_Warehouse__Cargo_Storage_In_Wooden_Boxes._Wooden_Pallets_And_Car_original_2319233-1-1024x576.jpg\" alt=\"\" class=\"wp-image-133 size-full\" srcset=\"https:\/\/dyston.pl\/wp-content\/uploads\/2026\/02\/Large_And_Light_Warehouse__Cargo_Storage_In_Wooden_Boxes._Wooden_Pallets_And_Car_original_2319233-1-1024x576.jpg 1024w, https:\/\/dyston.pl\/wp-content\/uploads\/2026\/02\/Large_And_Light_Warehouse__Cargo_Storage_In_Wooden_Boxes._Wooden_Pallets_And_Car_original_2319233-1-300x169.jpg 300w, https:\/\/dyston.pl\/wp-content\/uploads\/2026\/02\/Large_And_Light_Warehouse__Cargo_Storage_In_Wooden_Boxes._Wooden_Pallets_And_Car_original_2319233-1-2000x1125.jpg 2000w\" sizes=\"auto, (max-width: 1024px) 100vw, 1024px\" \/><\/figure><div class=\"wp-block-media-text__content\">\n<p><strong>Palety<\/strong><\/p>\n\n\n\n<p>palety jednorazowe,<\/p>\n\n\n\n<p>palety przemys\u0142owe,<\/p>\n\n\n\n<p>palety EURO,<\/p>\n\n\n\n<p>palety fumigowane (fitosanitarne), spe\u0142niaj\u0105ce wymagania transportu mi\u0119dzynarodowego.<\/p>\n<\/div><\/div>\n\n\n\n<p><\/p>\n","protected":false},"excerpt":{"rendered":"<p>Ta\u015bmy ta\u015bmy klej\u0105ce oraz folie, ta\u015bmy akrylowe, ta\u015bmy z kauczukiem sztucznym, ta\u015bmy z kauczukiem naturalnym, folie stretch, PPLD oraz PELD, piank\u0119 polietylenow\u0105, foli\u0119 p\u0119cherzykow\u0105, ta\u015bmy spinaj\u0105ce PP, zapinki druciane oraz zapinki PP, naro\u017cniki ochronne \u2013 kwadratowe i okr\u0105g\u0142e. Opakowania plastikowe pojemniki i skrzynki z tworzyw sztucznych, opakowania ochronne i transportowe, rozwi\u0105zania do pakowania i magazynowania &hellip; <\/p>\n<p class=\"link-more\"><a href=\"https:\/\/dyston.pl\/?page_id=105\" class=\"more-link\">Read more<span class=\"screen-reader-text\"> &#8220;Oferta&#8221;<\/span><\/a><\/p>\n","protected":false},"author":1,"featured_media":110,"parent":0,"menu_order":0,"comment_status":"closed","ping_status":"closed","template":"","meta":{"_inspiro_hide_title":false,"footnotes":""},"class_list":["post-105","page","type-page","status-publish","has-post-thumbnail","hentry"],"_links":{"self":[{"href":"https:\/\/dyston.pl\/index.php?rest_route=\/wp\/v2\/pages\/105","targetHints":{"allow":["GET"]}}],"collection":[{"href":"https:\/\/dyston.pl\/index.php?rest_route=\/wp\/v2\/pages"}],"about":[{"href":"https:\/\/dyston.pl\/index.php?rest_route=\/wp\/v2\/types\/page"}],"author":[{"embeddable":true,"href":"https:\/\/dyston.pl\/index.php?rest_route=\/wp\/v2\/users\/1"}],"replies":[{"embeddable":true,"href":"https:\/\/dyston.pl\/index.php?rest_route=%2Fwp%2Fv2%2Fcomments&post=105"}],"version-history":[{"count":6,"href":"https:\/\/dyston.pl\/index.php?rest_route=\/wp\/v2\/pages\/105\/revisions"}],"predecessor-version":[{"id":153,"href":"https:\/\/dyston.pl\/index.php?rest_route=\/wp\/v2\/pages\/105\/revisions\/153"}],"wp:featuredmedia":[{"embeddable":true,"href":"https:\/\/dyston.pl\/index.php?rest_route=\/wp\/v2\/media\/110"}],"wp:attachment":[{"href":"https:\/\/dyston.pl\/index.php?rest_route=%2Fwp%2Fv2%2Fmedia&parent=105"}],"curies":[{"name":"wp","href":"https:\/\/api.w.org\/{rel}","templated":true}]}}