{"id":10,"date":"2026-02-17T11:38:52","date_gmt":"2026-02-17T10:38:52","guid":{"rendered":"http:\/\/dyston.pl\/?page_id=10"},"modified":"2026-02-19T12:48:21","modified_gmt":"2026-02-19T11:48:21","slug":"contact-2","status":"publish","type":"page","link":"https:\/\/dyston.pl\/?page_id=10","title":{"rendered":"Kontakt"},"content":{"rendered":"\n<div class=\"wp-block-group has-global-padding is-layout-constrained wp-block-group-is-layout-constrained\">\n<div class=\"wp-block-columns are-vertically-aligned-top is-layout-flex wp-container-core-columns-is-layout-d7d455e7 wp-block-columns-is-layout-flex\" style=\"padding-top:0;padding-right:0;padding-bottom:0;padding-left:0\">\n<div class=\"wp-block-column is-vertically-aligned-top is-layout-flow wp-block-column-is-layout-flow\" style=\"padding-right:7%;flex-basis:50%\">\n<p class=\"has-text-color\" style=\"color:#0bb4aa\">B\u0105d\u017amy w kontakcie!<\/p>\n\n\n\n<p><strong>Adres<\/strong><br>43-300 Bielsko-Bia\u0142a<\/p>\n\n\n\n<p><strong>Tel. 663 788 046<\/strong><\/p>\n\n\n\n<p>Mail: dystonbb@gmail.com<\/p>\n\n\n\n<p><\/p>\n<\/div>\n\n\n\n<div class=\"wp-block-column is-vertically-aligned-top is-layout-flow wp-block-column-is-layout-flow\" style=\"flex-basis:50%\"><\/div>\n<\/div>\n\n\n\n<div style=\"height:32px\" aria-hidden=\"true\" class=\"wp-block-spacer\"><\/div>\n<\/div>\n\n\n\n<div class=\"wp-block-group is-layout-flow wp-block-group-is-layout-flow\">\n<div class=\"wp-block-group is-layout-flow wp-block-group-is-layout-flow\">\n<div class=\"wp-block-columns is-layout-flex wp-container-core-columns-is-layout-28f84493 wp-block-columns-is-layout-flex\">\n<div class=\"wp-block-column is-layout-flow wp-block-column-is-layout-flow\">\n<p class=\"has-text-align-left has-text-color\" style=\"color:#0bb4aa\">GDZIE DZIA\u0141AMY?<\/p>\n\n\n\n<h2 class=\"wp-block-heading has-text-align-left has-large-font-size\">Nasze lokalizacje:<\/h2>\n\n\n\n<div class=\"wp-block-columns is-layout-flex wp-container-core-columns-is-layout-28f84493 wp-block-columns-is-layout-flex\">\n<div class=\"wp-block-column is-layout-flow wp-block-column-is-layout-flow\">\n<p style=\"line-height:2.5\">Bielsko-Bia\u0142a<br>Pszczyna<br>Czechowice-Dziedzice<br>Skocz\u00f3w<br>Cieszyn<\/p>\n<\/div>\n\n\n\n<div class=\"wp-block-column is-layout-flow wp-block-column-is-layout-flow\">\n<p style=\"line-height:2.5\">\u017bywiec<br>Tychy<br>Katowice<br>Chorz\u00f3w<br>I inne&#8230;<\/p>\n<\/div>\n<\/div>\n<\/div>\n\n\n\n<div class=\"wp-block-column is-layout-flow wp-block-column-is-layout-flow\">\n<figure class=\"wp-block-image size-large\"><img loading=\"lazy\" decoding=\"async\" width=\"1024\" height=\"682\" src=\"http:\/\/dyston.pl\/wp-content\/uploads\/2026\/02\/bielskobiala-1024x682.jpg\" alt=\"\" class=\"wp-image-114\" srcset=\"https:\/\/dyston.pl\/wp-content\/uploads\/2026\/02\/bielskobiala-1024x682.jpg 1024w, https:\/\/dyston.pl\/wp-content\/uploads\/2026\/02\/bielskobiala-300x200.jpg 300w, https:\/\/dyston.pl\/wp-content\/uploads\/2026\/02\/bielskobiala-2000x1332.jpg 2000w\" sizes=\"auto, (max-width: 1024px) 100vw, 1024px\" \/><figcaption class=\"wp-element-caption\">Bielsko-Bia\u0142a<\/figcaption><\/figure>\n<\/div>\n<\/div>\n<\/div>\n<\/div>\n\n\n\n<div class=\"wp-block-group has-global-padding is-layout-constrained wp-block-group-is-layout-constrained\"><\/div>\n\n\n\n<p><\/p>\n","protected":false},"excerpt":{"rendered":"<p>B\u0105d\u017amy w kontakcie! Adres43-300 Bielsko-Bia\u0142a Tel. 663 788 046 Mail: dystonbb@gmail.com GDZIE DZIA\u0141AMY? Nasze lokalizacje: Bielsko-Bia\u0142aPszczynaCzechowice-DziedziceSkocz\u00f3wCieszyn \u017bywiecTychyKatowiceChorz\u00f3wI inne&#8230;<\/p>\n","protected":false},"author":1,"featured_media":38,"parent":0,"menu_order":0,"comment_status":"closed","ping_status":"closed","template":"","meta":{"_inspiro_hide_title":false,"footnotes":""},"class_list":["post-10","page","type-page","status-publish","has-post-thumbnail","hentry"],"_links":{"self":[{"href":"https:\/\/dyston.pl\/index.php?rest_route=\/wp\/v2\/pages\/10","targetHints":{"allow":["GET"]}}],"collection":[{"href":"https:\/\/dyston.pl\/index.php?rest_route=\/wp\/v2\/pages"}],"about":[{"href":"https:\/\/dyston.pl\/index.php?rest_route=\/wp\/v2\/types\/page"}],"author":[{"embeddable":true,"href":"https:\/\/dyston.pl\/index.php?rest_route=\/wp\/v2\/users\/1"}],"replies":[{"embeddable":true,"href":"https:\/\/dyston.pl\/index.php?rest_route=%2Fwp%2Fv2%2Fcomments&post=10"}],"version-history":[{"count":15,"href":"https:\/\/dyston.pl\/index.php?rest_route=\/wp\/v2\/pages\/10\/revisions"}],"predecessor-version":[{"id":135,"href":"https:\/\/dyston.pl\/index.php?rest_route=\/wp\/v2\/pages\/10\/revisions\/135"}],"wp:featuredmedia":[{"embeddable":true,"href":"https:\/\/dyston.pl\/index.php?rest_route=\/wp\/v2\/media\/38"}],"wp:attachment":[{"href":"https:\/\/dyston.pl\/index.php?rest_route=%2Fwp%2Fv2%2Fmedia&parent=10"}],"curies":[{"name":"wp","href":"https:\/\/api.w.org\/{rel}","templated":true}]}}